{"id":18481,"date":"2024-07-15T20:27:06","date_gmt":"2024-07-15T20:27:06","guid":{"rendered":"https:\/\/puntdereferencia.org\/avis-legal\/"},"modified":"2024-07-23T10:50:41","modified_gmt":"2024-07-23T10:50:41","slug":"aviso-legal","status":"publish","type":"page","link":"https:\/\/puntdereferencia.org\/es\/aviso-legal\/","title":{"rendered":"Aviso legal"},"content":{"rendered":"<div id='av_section_1'  class='avia-section av-3t3qy-7d87d1df197257e314596f045884cac6 main_color avia-section-default avia-no-border-styling  avia-builder-el-0  el_before_av_section  avia-builder-el-first  avia-bg-style-scroll container_wrap fullsize'  ><div class='container av-section-cont-open' ><main  role=\"main\" itemprop=\"mainContentOfPage\"  class='template-page content  av-content-full alpha units'><div class='post-entry post-entry-type-page post-entry-18481'><div class='entry-content-wrapper clearfix'>\n<div class='flex_column_table av-3cela-66692a0ce553341e83a443bddb4b3e82 sc-av_one_half av-equal-height-column-flextable'><div  class='flex_column av-3cela-66692a0ce553341e83a443bddb4b3e82 av_one_half  avia-builder-el-1  el_before_av_one_half  avia-builder-el-first  first flex_column_table_cell av-equal-height-column av-align-middle  '     ><section  class='av_textblock_section av-lxjh9crk-ebb5d6dcc45c6ffdcbf93d8583863c36 '   itemscope=\"itemscope\" itemtype=\"https:\/\/schema.org\/CreativeWork\" ><div class='avia_textblock'  itemprop=\"text\" ><h1>Av\u00eds legal<\/h1>\n<\/div><\/section><br \/>\n\n<style type=\"text\/css\" data-created_by=\"avia_inline_auto\" id=\"style-css-av-lynfs01w-6cdb2dce2f36f79d9bea29428408825e\">\n#top .hr.hr-invisible.av-lynfs01w-6cdb2dce2f36f79d9bea29428408825e{\nheight:50px;\n}\n<\/style>\n<div  class='hr av-lynfs01w-6cdb2dce2f36f79d9bea29428408825e hr-invisible  avia-builder-el-3  el_after_av_textblock  el_before_av_textblock '><span class='hr-inner '><span class=\"hr-inner-style\"><\/span><\/span><\/div><br \/>\n<section  class='av_textblock_section av-lynfr27c-45955ca74aa6fe546268d61b87d4a520 '   itemscope=\"itemscope\" itemtype=\"https:\/\/schema.org\/CreativeWork\" ><div class='avia_textblock'  itemprop=\"text\" ><h6><strong>Termes d\u2019\u00fas<\/strong><\/h6>\n<h6>En compliment amb el deure d\u2019informaci\u00f3 recollit en l\u2019article 10 de la Llei 34\/2002, del 11 de juliol, de Serveis de la Societat de la Informaci\u00f3 i de Comer\u00e7 Electr\u00f2nic, a continuaci\u00f3, es fa constar:<\/h6>\n<\/div><\/section><\/p><\/div><div class='av-flex-placeholder'><\/div><div  class='flex_column av-2x24e-af282a588d93e5d019cb85bf5e5d2fbc av_one_half  avia-builder-el-5  el_after_av_one_half  avia-builder-el-last  flex_column_table_cell av-equal-height-column av-align-middle  '     ><style type=\"text\/css\" data-created_by=\"avia_inline_auto\" id=\"style-css-av-27ioe-2d4cba1049b789216e9d5537a86e4d38\">\n.avia-image-container.av-27ioe-2d4cba1049b789216e9d5537a86e4d38 img.avia_image{\nbox-shadow:none;\n}\n.avia-image-container.av-27ioe-2d4cba1049b789216e9d5537a86e4d38 .av-image-caption-overlay-center{\ncolor:#ffffff;\n}\n<\/style>\n<div  class='avia-image-container av-27ioe-2d4cba1049b789216e9d5537a86e4d38 av-styling-no-styling avia-align-center  avia-builder-el-6  avia-builder-el-no-sibling '   itemprop=\"image\" itemscope=\"itemscope\" itemtype=\"https:\/\/schema.org\/ImageObject\" ><div class=\"avia-image-container-inner\"><div class=\"avia-image-overlay-wrap\"><img decoding=\"async\" fetchpriority=\"high\" class='wp-image-17573 avia-img-lazy-loading-not-17573 avia_image ' src=\"https:\/\/puntdereferencia.org\/wp-content\/uploads\/2024\/07\/img-donatiuform.jpg\" alt='' title='img-donatiuform'  height=\"458\" width=\"691\"  itemprop=\"thumbnailUrl\" srcset=\"https:\/\/puntdereferencia.org\/wp-content\/uploads\/2024\/07\/img-donatiuform.jpg 691w, https:\/\/puntdereferencia.org\/wp-content\/uploads\/2024\/07\/img-donatiuform-300x199.jpg 300w\" sizes=\"(max-width: 691px) 100vw, 691px\" \/><\/div><\/div><\/div><\/div><\/div><!--close column table wrapper. Autoclose: 1 --><\/div><\/div><\/main><!-- close content main element --><\/div><\/div>\n<style type=\"text\/css\" data-created_by=\"avia_inline_auto\" id=\"style-css-av-1gxg1zz-fc8556505f8358ea8454f0ff0e42c98b\">\n.avia-section.av-1gxg1zz-fc8556505f8358ea8454f0ff0e42c98b{\nmargin-top:-50px;\nmargin-bottom:0px;\n}\n<\/style>\n<div id='av_section_2'  class='avia-section av-1gxg1zz-fc8556505f8358ea8454f0ff0e42c98b main_color avia-section-default avia-no-border-styling  avia-builder-el-7  el_after_av_section  avia-builder-el-last  avia-bg-style-scroll container_wrap fullsize'  ><div class='container av-section-cont-open' ><div class='template-page content  av-content-full alpha units'><div class='post-entry post-entry-type-page post-entry-18481'><div class='entry-content-wrapper clearfix'>\n<div class='flex_column_table av-3v5dmn-6cb77a68c5a8aa5dbb8416791e7f83f1 sc-av_two_third av-equal-height-column-flextable'><div  class='flex_column av-3v5dmn-6cb77a68c5a8aa5dbb8416791e7f83f1 av_two_third  avia-builder-el-8  el_before_av_one_third  avia-builder-el-first  first flex_column_table_cell av-equal-height-column av-align-middle  '     ><section  class='av_textblock_section av-ifhu3j-c92f70c17ac9494c5c7270542f5ea044 '   itemscope=\"itemscope\" itemtype=\"https:\/\/schema.org\/CreativeWork\" ><div class='avia_textblock'  itemprop=\"text\" ><ol>\n<li><strong> Dades Identificatives:<\/strong><\/li>\n<\/ol>\n<p>Titular del domini web:<\/p>\n<p>Associaci\u00f3 Punt de Refer\u00e8ncia<br \/>\nNIF: G61356689<br \/>\nC. Consell de Cent 445, esc A entresol<br \/>\n08013 Barcelona<br \/>\nContacte:\u00a0 <a href=\"mailto:info@puntdereferencia.org\">info@puntdereferencia.org<\/a><\/p>\n<ol start=\"2\">\n<li><strong> Usuaris:<\/strong><\/li>\n<\/ol>\n<p>L\u2019acc\u00e9s i\/o \u00fas d\u2019aquest lloc web atribueix la condici\u00f3 d\u2019USUARI, que accepta, des d\u2019aquest acc\u00e9s i\/o \u00fas, els presents termes d\u2019\u00fas.<\/p>\n<ol start=\"3\">\n<li><strong> Condicions d\u2019acc\u00e9s i utilitzaci\u00f3 del web:<\/strong><\/li>\n<\/ol>\n<p><strong>Veracitat de la Informaci\u00f3<\/strong><\/p>\n<p>Tota la informaci\u00f3 que faciliti l\u2019usuari a trav\u00e9s del web haur\u00e0 de ser vera\u00e7. En tot cas l\u2019usuari ser\u00e0 l\u2019\u00fanic responsable de les informacions falses o inexactes que realitzi i dels possibles danys i perjudicis que causi a Punt de Refer\u00e8ncia o a tercers per la informaci\u00f3 que faciliti.<\/p>\n<p><strong>Obligaci\u00f3 de fer un \u00fas correcte de la Web<\/strong><\/p>\n<p>L\u2019usuari s\u2019obliga a no:<\/p>\n<ol>\n<li>Utilitzar aquesta web amb fins o efectes il\u00b7l\u00edcits, que de qualsevol forma puguin danyar, inutilitzar, sobrecarregar o deteriorar la Web i els Serveis o impedir la normal utilitzaci\u00f3 o gaudi del Web i dels Serveis per part dels Usuaris.<\/li>\n<li>Reproduir o copiar, distribuir, transformar o modificar els continguts del web, suprimir, eludir o manipular el \u201ccopyright\u201d i altres dades identificatives dels drets de Punt de Refer\u00e8ncia o dels seus titulars incorporats a la web.<\/li>\n<li>Intentar obtenir informacions, missatges, gr\u00e0fics, dibuixos, arxius de so i\/o imatge, fotografies, programari i, en general, qualsevol classe de material accessible a trav\u00e9s del web.<\/li>\n<li><strong> Propietat intel\u00b7lectual i industrial:<\/strong><\/li>\n<\/ol>\n<p>Punt de Refer\u00e8ncia per si o com a cessionari, \u00e9s titular de tots els drets de propietat intel\u00b7lectual i industrial de la seva p\u00e0gina web, aix\u00ed com dels elements continguts en la mateixa (a t\u00edtol anunciatiu, imatges, so, \u00e0udio, v\u00eddeo, software o textos; marques o logotips, combinacions de colors, estructura i disseny, selecci\u00f3 de materials usats, programes d\u2019ordinador necessaris per al seu funcionament, acc\u00e9s i \u00fas, etc.), titularitat de Punt de Refer\u00e8ncia o b\u00e9 dels seus llicenciants. Tots els drets reservats. Qualsevol \u00fas no autoritzat pr\u00e8viament per Punt de Refer\u00e8ncia ser\u00e0 considerat un incompliment greu dels drets de propietat intel\u00b7lectual o industrial de l\u2019autor. Queden expressament prohibides la reproducci\u00f3, la distribuci\u00f3 i la comunicaci\u00f3 p\u00fablica, inclosa la seva modalitat de posada a disposici\u00f3, de la totalitat o part dels continguts d\u2019aquesta p\u00e0gina web, amb fins comercials, en qualsevol suport i per qualsevol mitj\u00e0 t\u00e8cnic, sense l\u2019autoritzaci\u00f3 de Punt de Refer\u00e8ncia.<\/p>\n<ol start=\"5\">\n<li><strong> Pol\u00edtica de privacitat i protecci\u00f3 de dades:<\/strong><\/li>\n<\/ol>\n<p>Punt de Refer\u00e8ncia tractar\u00e0 les Dades Personals de conformitat amb la legislaci\u00f3 vigent, i amb les finalitats i condicions establertes en la Pol\u00edtica de Privacitat, publicada en aquesta URL. Punt de Refer\u00e8ncia ha adoptat i disposat totes les mesures t\u00e8cniques i organitzatives necess\u00e0ries que garanteixin la seguretat de les dades personals, i aix\u00ed evitar la seva alteraci\u00f3, p\u00e8rdua, tractament o acc\u00e9s no autoritzat. No obstant aix\u00f2 no pot garantir la seguretat absoluta sobre els mateixos, i per aix\u00f2 no es responsabilitza de qualsevol dany i\/o perjudici derivats d\u2019actes il\u00b7l\u00edcits realitzats per tercers. Finalment, \u00e9s responsabilitat de l\u2019usuari d\u2019aquesta web, el prendre totes les mesures apropiades per protegir les seves pr\u00f2pies dades i aplicacions.<\/p>\n<ol start=\"6\">\n<li><strong> Confidencialitat:<\/strong><\/li>\n<\/ol>\n<p>Punt de Refer\u00e8ncia l\u2019informa que les seves dades seran tractades amb el m\u00e0xim zel i confidencialitat per tot el personal que intervingui en qualsevol de les fases de tractament. No cedirem ni comunicarem a cap tercer les seves dades, excepte en els casos legalment previstos, o llevat que l\u2019interessat ens hagu\u00e9s autoritzat expressament.<\/p>\n<ol start=\"7\">\n<li><strong> Vincles a altres llocs web:<\/strong><\/li>\n<\/ol>\n<p>Els vincles d\u2019aquest lloc a llocs web de tercers es subministren exclusivament com una utilitat per a l\u2019usuari. En cas d\u2019utilitzar aquests vincles, s\u2019abandonar\u00e0 aquest Lloc. Punt de Refer\u00e8ncia no es responsabilitza d\u2019aquests llocs web ni de qualsevol informaci\u00f3, software o altres productes o materials inclosos en els mateixos, o qualsevol resultat que pugui obtenir-se mitjan\u00e7ant la seva utilitzaci\u00f3. L\u2019usuari ser\u00e0 l\u2019\u00fanic responsable si accedeix a qualsevol dels llocs web de tercers vinculats a aquest web.<\/p>\n<ol start=\"8\">\n<li><strong> Modificacions:<\/strong><\/li>\n<\/ol>\n<p>Punt de Refer\u00e8ncia es reserva el dret d\u2019efectuar sense previ av\u00eds les modificacions que consideri oportunes al seu web, podent canviar, suprimir o afegir tant els continguts i serveis que es prestin a trav\u00e9s de la mateixa com la forma en qu\u00e8 aquests apareguin presentats o localitzats al seu web.<\/p>\n<ol start=\"9\">\n<li><strong> Dret d\u2019exclusi\u00f3:<\/strong><\/li>\n<\/ol>\n<p>Punt de Refer\u00e8ncia es reserva el dret a denegar o retirar l\u2019acc\u00e9s al portal i\/o els serveis oferts sense necessitat de preav\u00eds, a inst\u00e0ncia pr\u00f2pia o d\u2019un tercer, a aquells usuaris que incompleixin les presents Condicions Generals d\u2019\u00das.<\/p>\n<ol start=\"10\">\n<li><strong> Modificaci\u00f3 de les presents condicions i durada:<\/strong><\/li>\n<\/ol>\n<p>Punt de Refer\u00e8ncia podr\u00e0 modificar en qualsevol moment les condicions aqu\u00ed determinades, sent degudament publicades com aqu\u00ed apareixen. La vig\u00e8ncia de les citades condicions anir\u00e0 en funci\u00f3 de la seva exposici\u00f3 i estaran vigents fins que siguin modificades per altres degudament publicades.<\/p>\n<ol start=\"11\">\n<li><strong> Legislaci\u00f3 aplicable i jurisdicci\u00f3:<\/strong><\/li>\n<\/ol>\n<p>La relaci\u00f3 entre Punt de Refer\u00e8ncia i l\u2019usuari es regir\u00e0 per la normativa espanyola vigent i qualsevol controv\u00e8rsia se sotmetr\u00e0 als Jutjats i tribunals de la ciutat de Barcelona, llevat que la Llei aplicable disposi una altra cosa.<\/p>\n<\/div><\/section><\/div><div class='av-flex-placeholder'><\/div><div  class='flex_column av-mh6ltr-1c331cf46ba56ffe6e857ef489051af2 av_one_third  avia-builder-el-10  el_after_av_two_third  avia-builder-el-last  flex_column_table_cell av-equal-height-column av-align-middle  '     ><\/div><\/div><!--close column table wrapper. Autoclose: 1 -->\n<\/p>\n","protected":false},"excerpt":{"rendered":"","protected":false},"author":1,"featured_media":16939,"parent":0,"menu_order":0,"comment_status":"closed","ping_status":"closed","template":"","meta":{"footnotes":""},"class_list":["post-18481","page","type-page","status-publish","has-post-thumbnail","hentry"],"yoast_head":"<!-- This site is optimized with the Yoast SEO plugin v27.1.1 - https:\/\/yoast.com\/product\/yoast-seo-wordpress\/ -->\n<title>Aviso legal - Punt de Referencia<\/title>\n<meta name=\"description\" content=\"L\u2019acompanyament a jovent tutelat i extutelat requereix implicaci\u00f3 comunit\u00e0ria.\" \/>\n<meta name=\"robots\" content=\"index, follow, max-snippet:-1, max-image-preview:large, max-video-preview:-1\" \/>\n<link rel=\"canonical\" href=\"https:\/\/puntdereferencia.org\/es\/aviso-legal\/\" \/>\n<meta property=\"og:locale\" content=\"es_ES\" \/>\n<meta property=\"og:type\" content=\"article\" \/>\n<meta property=\"og:title\" content=\"Aviso legal - Punt de Referencia\" \/>\n<meta property=\"og:description\" content=\"L\u2019acompanyament a jovent tutelat i extutelat requereix implicaci\u00f3 comunit\u00e0ria.\" \/>\n<meta property=\"og:url\" content=\"https:\/\/puntdereferencia.org\/es\/aviso-legal\/\" \/>\n<meta property=\"og:site_name\" content=\"Punt de Referencia\" \/>\n<meta property=\"article:modified_time\" content=\"2024-07-23T10:50:41+00:00\" \/>\n<meta property=\"og:image\" content=\"https:\/\/puntdereferencia.org\/wp-content\/uploads\/2024\/06\/banner-mes-info-2.jpg\" \/>\n\t<meta property=\"og:image:width\" content=\"394\" \/>\n\t<meta property=\"og:image:height\" content=\"261\" \/>\n\t<meta property=\"og:image:type\" content=\"image\/jpeg\" \/>\n<meta name=\"twitter:card\" content=\"summary_large_image\" \/>\n<meta name=\"twitter:label1\" content=\"Tiempo de lectura\" \/>\n\t<meta name=\"twitter:data1\" content=\"5 minutos\" \/>\n<script type=\"application\/ld+json\" class=\"yoast-schema-graph\">{\"@context\":\"https:\/\/schema.org\",\"@graph\":[{\"@type\":\"WebPage\",\"@id\":\"https:\/\/puntdereferencia.org\/es\/aviso-legal\/\",\"url\":\"https:\/\/puntdereferencia.org\/es\/aviso-legal\/\",\"name\":\"Aviso legal - Punt de Referencia\",\"isPartOf\":{\"@id\":\"https:\/\/puntdereferencia.org\/es\/#website\"},\"primaryImageOfPage\":{\"@id\":\"https:\/\/puntdereferencia.org\/es\/aviso-legal\/#primaryimage\"},\"image\":{\"@id\":\"https:\/\/puntdereferencia.org\/es\/aviso-legal\/#primaryimage\"},\"thumbnailUrl\":\"https:\/\/puntdereferencia.org\/wp-content\/uploads\/2024\/06\/banner-mes-info-2.jpg\",\"datePublished\":\"2024-07-15T20:27:06+00:00\",\"dateModified\":\"2024-07-23T10:50:41+00:00\",\"description\":\"L\u2019acompanyament a jovent tutelat i extutelat requereix implicaci\u00f3 comunit\u00e0ria.\",\"breadcrumb\":{\"@id\":\"https:\/\/puntdereferencia.org\/es\/aviso-legal\/#breadcrumb\"},\"inLanguage\":\"es\",\"potentialAction\":[{\"@type\":\"ReadAction\",\"target\":[\"https:\/\/puntdereferencia.org\/es\/aviso-legal\/\"]}]},{\"@type\":\"ImageObject\",\"inLanguage\":\"es\",\"@id\":\"https:\/\/puntdereferencia.org\/es\/aviso-legal\/#primaryimage\",\"url\":\"https:\/\/puntdereferencia.org\/wp-content\/uploads\/2024\/06\/banner-mes-info-2.jpg\",\"contentUrl\":\"https:\/\/puntdereferencia.org\/wp-content\/uploads\/2024\/06\/banner-mes-info-2.jpg\",\"width\":394,\"height\":261},{\"@type\":\"BreadcrumbList\",\"@id\":\"https:\/\/puntdereferencia.org\/es\/aviso-legal\/#breadcrumb\",\"itemListElement\":[{\"@type\":\"ListItem\",\"position\":1,\"name\":\"Inici\",\"item\":\"https:\/\/puntdereferencia.org\/es\/inicio\/\"},{\"@type\":\"ListItem\",\"position\":2,\"name\":\"Aviso legal\"}]},{\"@type\":\"WebSite\",\"@id\":\"https:\/\/puntdereferencia.org\/es\/#website\",\"url\":\"https:\/\/puntdereferencia.org\/es\/\",\"name\":\"Punt de Referencia\",\"description\":\"\",\"potentialAction\":[{\"@type\":\"SearchAction\",\"target\":{\"@type\":\"EntryPoint\",\"urlTemplate\":\"https:\/\/puntdereferencia.org\/es\/?s={search_term_string}\"},\"query-input\":{\"@type\":\"PropertyValueSpecification\",\"valueRequired\":true,\"valueName\":\"search_term_string\"}}],\"inLanguage\":\"es\"}]}<\/script>\n<!-- \/ Yoast SEO plugin. -->","yoast_head_json":{"title":"Aviso legal - Punt de Referencia","description":"L\u2019acompanyament a jovent tutelat i extutelat requereix implicaci\u00f3 comunit\u00e0ria.","robots":{"index":"index","follow":"follow","max-snippet":"max-snippet:-1","max-image-preview":"max-image-preview:large","max-video-preview":"max-video-preview:-1"},"canonical":"https:\/\/puntdereferencia.org\/es\/aviso-legal\/","og_locale":"es_ES","og_type":"article","og_title":"Aviso legal - Punt de Referencia","og_description":"L\u2019acompanyament a jovent tutelat i extutelat requereix implicaci\u00f3 comunit\u00e0ria.","og_url":"https:\/\/puntdereferencia.org\/es\/aviso-legal\/","og_site_name":"Punt de Referencia","article_modified_time":"2024-07-23T10:50:41+00:00","og_image":[{"width":394,"height":261,"url":"https:\/\/puntdereferencia.org\/wp-content\/uploads\/2024\/06\/banner-mes-info-2.jpg","type":"image\/jpeg"}],"twitter_card":"summary_large_image","twitter_misc":{"Tiempo de lectura":"5 minutos"},"schema":{"@context":"https:\/\/schema.org","@graph":[{"@type":"WebPage","@id":"https:\/\/puntdereferencia.org\/es\/aviso-legal\/","url":"https:\/\/puntdereferencia.org\/es\/aviso-legal\/","name":"Aviso legal - Punt de Referencia","isPartOf":{"@id":"https:\/\/puntdereferencia.org\/es\/#website"},"primaryImageOfPage":{"@id":"https:\/\/puntdereferencia.org\/es\/aviso-legal\/#primaryimage"},"image":{"@id":"https:\/\/puntdereferencia.org\/es\/aviso-legal\/#primaryimage"},"thumbnailUrl":"https:\/\/puntdereferencia.org\/wp-content\/uploads\/2024\/06\/banner-mes-info-2.jpg","datePublished":"2024-07-15T20:27:06+00:00","dateModified":"2024-07-23T10:50:41+00:00","description":"L\u2019acompanyament a jovent tutelat i extutelat requereix implicaci\u00f3 comunit\u00e0ria.","breadcrumb":{"@id":"https:\/\/puntdereferencia.org\/es\/aviso-legal\/#breadcrumb"},"inLanguage":"es","potentialAction":[{"@type":"ReadAction","target":["https:\/\/puntdereferencia.org\/es\/aviso-legal\/"]}]},{"@type":"ImageObject","inLanguage":"es","@id":"https:\/\/puntdereferencia.org\/es\/aviso-legal\/#primaryimage","url":"https:\/\/puntdereferencia.org\/wp-content\/uploads\/2024\/06\/banner-mes-info-2.jpg","contentUrl":"https:\/\/puntdereferencia.org\/wp-content\/uploads\/2024\/06\/banner-mes-info-2.jpg","width":394,"height":261},{"@type":"BreadcrumbList","@id":"https:\/\/puntdereferencia.org\/es\/aviso-legal\/#breadcrumb","itemListElement":[{"@type":"ListItem","position":1,"name":"Inici","item":"https:\/\/puntdereferencia.org\/es\/inicio\/"},{"@type":"ListItem","position":2,"name":"Aviso legal"}]},{"@type":"WebSite","@id":"https:\/\/puntdereferencia.org\/es\/#website","url":"https:\/\/puntdereferencia.org\/es\/","name":"Punt de Referencia","description":"","potentialAction":[{"@type":"SearchAction","target":{"@type":"EntryPoint","urlTemplate":"https:\/\/puntdereferencia.org\/es\/?s={search_term_string}"},"query-input":{"@type":"PropertyValueSpecification","valueRequired":true,"valueName":"search_term_string"}}],"inLanguage":"es"}]}},"_links":{"self":[{"href":"https:\/\/puntdereferencia.org\/es\/wp-json\/wp\/v2\/pages\/18481","targetHints":{"allow":["GET"]}}],"collection":[{"href":"https:\/\/puntdereferencia.org\/es\/wp-json\/wp\/v2\/pages"}],"about":[{"href":"https:\/\/puntdereferencia.org\/es\/wp-json\/wp\/v2\/types\/page"}],"author":[{"embeddable":true,"href":"https:\/\/puntdereferencia.org\/es\/wp-json\/wp\/v2\/users\/1"}],"replies":[{"embeddable":true,"href":"https:\/\/puntdereferencia.org\/es\/wp-json\/wp\/v2\/comments?post=18481"}],"version-history":[{"count":3,"href":"https:\/\/puntdereferencia.org\/es\/wp-json\/wp\/v2\/pages\/18481\/revisions"}],"predecessor-version":[{"id":18718,"href":"https:\/\/puntdereferencia.org\/es\/wp-json\/wp\/v2\/pages\/18481\/revisions\/18718"}],"wp:featuredmedia":[{"embeddable":true,"href":"https:\/\/puntdereferencia.org\/es\/wp-json\/wp\/v2\/media\/16939"}],"wp:attachment":[{"href":"https:\/\/puntdereferencia.org\/es\/wp-json\/wp\/v2\/media?parent=18481"}],"curies":[{"name":"wp","href":"https:\/\/api.w.org\/{rel}","templated":true}]}}