{"id":20831,"date":"2024-07-16T08:46:55","date_gmt":"2024-07-16T06:46:55","guid":{"rendered":"https:\/\/puntdereferencia.org\/subscriptio-al-butlleti\/"},"modified":"2024-09-17T05:56:12","modified_gmt":"2024-09-17T05:56:12","slug":"subscriptio-al-butlleti","status":"publish","type":"page","link":"https:\/\/puntdereferencia.org\/es\/subscriptio-al-butlleti\/","title":{"rendered":"Formularis: Butllet\u00ed"},"content":{"rendered":"<div id='av_section_1'  class='avia-section av-i5muh-5c2ec47e72a4a40e719cc5ea4ba327cd main_color avia-section-default avia-no-border-styling  avia-builder-el-0  el_before_av_section  avia-builder-el-first  avia-bg-style-scroll container_wrap fullsize'  ><div class='container av-section-cont-open' ><main  role=\"main\" itemprop=\"mainContentOfPage\"  class='template-page content  av-content-full alpha units'><div class='post-entry post-entry-type-page post-entry-20831'><div class='entry-content-wrapper clearfix'>\n<div class='flex_column_table av-hjawt-5734866781cd204129d453b605dd2186 sc-av_one_half av-equal-height-column-flextable'><div  class='flex_column av-hjawt-5734866781cd204129d453b605dd2186 av_one_half  avia-builder-el-1  el_before_av_one_half  avia-builder-el-first  first flex_column_table_cell av-equal-height-column av-align-top  '     ><p><section  class='av_textblock_section av-lyol32ib-cd3e766cd9f4382af3c13f76ca43dc80 '   itemscope=\"itemscope\" itemtype=\"https:\/\/schema.org\/CreativeWork\" ><div class='avia_textblock nomseccioblau'  itemprop=\"text\" ><p>BUTLLET\u00cdN<\/p>\n<\/div><\/section><br \/>\n<section  class='av_textblock_section av-lxnedhru-770cb81d7e44606181b6c2eaf63d5676 '   itemscope=\"itemscope\" itemtype=\"https:\/\/schema.org\/CreativeWork\" ><div class='avia_textblock'  itemprop=\"text\" ><h1>Quiero suscribirme<\/h1>\n<\/div><\/section><br \/>\n<section  class='av_textblock_section av-lyo65ass-d5457300182bad83df096102d5766533 '   itemscope=\"itemscope\" itemtype=\"https:\/\/schema.org\/CreativeWork\" ><div class='avia_textblock'  itemprop=\"text\" ><h6>Sigue el d\u00eda a d\u00eda de la entidad y encuentra reflexiones y contenidos en profundidad relacionados con el acompa\u00f1amiento a j\u00f3venes en situaciones de vulnerabilidad.<\/h6>\n<\/div><\/section><\/p><\/div><div class='av-flex-placeholder'><\/div><div  class='flex_column av-65fl-d27df077fa9c54353f3c1e14eaa9b705 av_one_half  avia-builder-el-5  el_after_av_one_half  avia-builder-el-last  flex_column_table_cell av-equal-height-column av-align-top  '     ><style type=\"text\/css\" data-created_by=\"avia_inline_auto\" id=\"style-css-av-gedop-4a953d3aacb4a5ec260acc18cc9aa2ec\">\n.avia-image-container.av-gedop-4a953d3aacb4a5ec260acc18cc9aa2ec img.avia_image{\nbox-shadow:none;\n}\n.avia-image-container.av-gedop-4a953d3aacb4a5ec260acc18cc9aa2ec .av-image-caption-overlay-center{\ncolor:#ffffff;\n}\n<\/style>\n<div  class='avia-image-container av-gedop-4a953d3aacb4a5ec260acc18cc9aa2ec av-styling-no-styling avia-align-center  avia-builder-el-6  avia-builder-el-no-sibling '   itemprop=\"image\" itemscope=\"itemscope\" itemtype=\"https:\/\/schema.org\/ImageObject\" ><div class=\"avia-image-container-inner\"><div class=\"avia-image-overlay-wrap\"><img decoding=\"async\" fetchpriority=\"high\" class='wp-image-17576 avia-img-lazy-loading-not-17576 avia_image ' src=\"https:\/\/puntdereferencia.org\/wp-content\/uploads\/2024\/07\/img-inscriujove-form.jpg\" alt='' title='img-inscriujove-form'  height=\"458\" width=\"691\"  itemprop=\"thumbnailUrl\" srcset=\"https:\/\/puntdereferencia.org\/wp-content\/uploads\/2024\/07\/img-inscriujove-form.jpg 691w, https:\/\/puntdereferencia.org\/wp-content\/uploads\/2024\/07\/img-inscriujove-form-300x199.jpg 300w\" sizes=\"(max-width: 691px) 100vw, 691px\" \/><\/div><\/div><\/div><\/div><\/div><!--close column table wrapper. Autoclose: 1 -->\n\n<\/div><\/div><\/main><!-- close content main element --><\/div><\/div>\n<style type=\"text\/css\" data-created_by=\"avia_inline_auto\" id=\"style-css-av-fvlwx-3f480f54fd2e417b7e811130d0a3ab6e\">\n\n@media only screen and (min-width: 990px){ \n.avia-section.av-fvlwx-3f480f54fd2e417b7e811130d0a3ab6e{\nmargin-top:-100px;\n}\n}\n<\/style>\n<div id='av_section_2'  class='avia-section av-fvlwx-3f480f54fd2e417b7e811130d0a3ab6e main_color avia-section-default avia-no-border-styling  avia-builder-el-7  el_after_av_section  avia-builder-el-last  avia-bg-style-scroll container_wrap fullsize'  ><div class='container av-section-cont-open' ><div class='template-page content  av-content-full alpha units'><div class='post-entry post-entry-type-page post-entry-20831'><div class='entry-content-wrapper clearfix'>\n\n<style type=\"text\/css\" data-created_by=\"avia_inline_auto\" id=\"style-css-av-f2za5-0a6696be426325a303936addc91dd462\">\n.avia-image-container.av-f2za5-0a6696be426325a303936addc91dd462 img.avia_image{\nbox-shadow:none;\n}\n.avia-image-container.av-f2za5-0a6696be426325a303936addc91dd462 .av-image-caption-overlay-center{\ncolor:#ffffff;\n}\n<\/style>\n<div  class='avia-image-container av-f2za5-0a6696be426325a303936addc91dd462 av-styling-no-styling avia-align-left  avia-builder-el-8  el_before_av_three_fourth  avia-builder-el-first '   itemprop=\"image\" itemscope=\"itemscope\" itemtype=\"https:\/\/schema.org\/ImageObject\" ><div class=\"avia-image-container-inner\"><div class=\"avia-image-overlay-wrap\"><img decoding=\"async\" fetchpriority=\"high\" class='wp-image-16611 avia-img-lazy-loading-not-16611 avia_image ' src=\"https:\/\/puntdereferencia.org\/wp-content\/uploads\/2024\/06\/franjablava-ambespai.png\" alt='' title='franjablava-ambespai'  height=\"59\" width=\"283\"  itemprop=\"thumbnailUrl\"  \/><\/div><\/div><\/div>\n\n<style type=\"text\/css\" data-created_by=\"avia_inline_auto\" id=\"style-css-av-cxmv9-97e68c827d8da9bc5f664be5eaa3dcc2\">\n#top .flex_column.av-cxmv9-97e68c827d8da9bc5f664be5eaa3dcc2{\nmargin-top:0px;\nmargin-bottom:0px;\n}\n.flex_column.av-cxmv9-97e68c827d8da9bc5f664be5eaa3dcc2{\nborder-radius:30PX 30PX 30PX 30PX;\n}\n.responsive #top #wrap_all .flex_column.av-cxmv9-97e68c827d8da9bc5f664be5eaa3dcc2{\nmargin-top:0px;\nmargin-bottom:0px;\n}\n<\/style>\n<div  class='flex_column av-cxmv9-97e68c827d8da9bc5f664be5eaa3dcc2 av_three_fourth  avia-builder-el-9  el_after_av_image  el_before_av_one_fourth  first flex_column_div av-hide-on-mobile  '     ><section  class='av_textblock_section av-lxneduy9-ed03b74a3e243c58d350f1fcb35c208f '   itemscope=\"itemscope\" itemtype=\"https:\/\/schema.org\/CreativeWork\" ><div class='avia_textblock'  itemprop=\"text\" ><h2>Bolet\u00edn<\/h2>\n<\/div><\/section><\/div>\n<style type=\"text\/css\" data-created_by=\"avia_inline_auto\" id=\"style-css-av-1epit-67cd590fdc2cc20bc6c9e617f9240372\">\n#top .flex_column.av-1epit-67cd590fdc2cc20bc6c9e617f9240372{\nmargin-top:0px;\nmargin-bottom:0px;\n}\n.flex_column.av-1epit-67cd590fdc2cc20bc6c9e617f9240372{\nborder-radius:30PX 30PX 30PX 30PX;\n}\n.responsive #top #wrap_all .flex_column.av-1epit-67cd590fdc2cc20bc6c9e617f9240372{\nmargin-top:0px;\nmargin-bottom:0px;\n}\n<\/style>\n<div  class='flex_column av-1epit-67cd590fdc2cc20bc6c9e617f9240372 av_one_fourth  avia-builder-el-11  el_after_av_three_fourth  el_before_av_hr  flex_column_div av-hide-on-mobile  '     ><\/div>\n<style type=\"text\/css\" data-created_by=\"avia_inline_auto\" id=\"style-css-av-es2zx-80afbd870cdbe171d4c79a24113aaba4\">\n#top .hr.hr-invisible.av-es2zx-80afbd870cdbe171d4c79a24113aaba4{\nheight:30px;\n}\n<\/style>\n<div  class='hr av-es2zx-80afbd870cdbe171d4c79a24113aaba4 hr-invisible  avia-builder-el-12  el_after_av_one_fourth  el_before_av_two_third '><span class='hr-inner '><span class=\"hr-inner-style\"><\/span><\/span><\/div>\n\n<style type=\"text\/css\" data-created_by=\"avia_inline_auto\" id=\"style-css-av-e2bg9-1ef19a730da9c4ee65ba0710db46f081\">\n#top .flex_column.av-e2bg9-1ef19a730da9c4ee65ba0710db46f081{\nmargin-top:0px;\nmargin-bottom:0px;\n}\n.flex_column.av-e2bg9-1ef19a730da9c4ee65ba0710db46f081{\nborder-radius:30PX 30PX 30PX 30PX;\npadding:30PX 30PX 30PX 30PX;\nbackground-color:#f4ecd1;\n}\n.responsive #top #wrap_all .flex_column.av-e2bg9-1ef19a730da9c4ee65ba0710db46f081{\nmargin-top:0px;\nmargin-bottom:0px;\n}\n<\/style>\n<div  class='flex_column av-e2bg9-1ef19a730da9c4ee65ba0710db46f081 av_two_third  avia-builder-el-13  el_after_av_hr  el_before_av_one_third  first flex_column_div  '     ><\/div>\n<style type=\"text\/css\" data-created_by=\"avia_inline_auto\" id=\"style-css-av-qrpt-3dfe26bbd71defbe4d6436fe5c7c4f6e\">\n#top .flex_column.av-qrpt-3dfe26bbd71defbe4d6436fe5c7c4f6e{\nmargin-top:0px;\nmargin-bottom:0px;\n}\n.flex_column.av-qrpt-3dfe26bbd71defbe4d6436fe5c7c4f6e{\nborder-radius:30PX 30PX 30PX 30PX;\n}\n.responsive #top #wrap_all .flex_column.av-qrpt-3dfe26bbd71defbe4d6436fe5c7c4f6e{\nmargin-top:0px;\nmargin-bottom:0px;\n}\n<\/style>\n<div  class='flex_column av-qrpt-3dfe26bbd71defbe4d6436fe5c7c4f6e av_one_third  avia-builder-el-15  el_after_av_two_third  avia-builder-el-last  flex_column_div av-hide-on-mobile  '     ><\/div>\n","protected":false},"excerpt":{"rendered":"","protected":false},"author":1,"featured_media":17576,"parent":0,"menu_order":0,"comment_status":"closed","ping_status":"closed","template":"","meta":{"footnotes":""},"class_list":["post-20831","page","type-page","status-publish","has-post-thumbnail","hentry"],"yoast_head":"<!-- This site is optimized with the Yoast SEO plugin v27.1.1 - https:\/\/yoast.com\/product\/yoast-seo-wordpress\/ -->\n<title>Formularis: Butllet\u00ed - Punt de Referencia<\/title>\n<meta name=\"description\" content=\"Associa\u2019t a Punt de Refer\u00e8ncia. El teu suport constant ens facilita continuar acompanyant jovent sense xarxa de suport en la construcci\u00f3 de vides adultes dignes i de qualitat.\" \/>\n<meta name=\"robots\" content=\"index, follow, max-snippet:-1, max-image-preview:large, max-video-preview:-1\" \/>\n<link rel=\"canonical\" href=\"https:\/\/puntdereferencia.org\/es\/subscriptio-al-butlleti\/\" \/>\n<meta property=\"og:locale\" content=\"es_ES\" \/>\n<meta property=\"og:type\" content=\"article\" \/>\n<meta property=\"og:title\" content=\"Formularis: Butllet\u00ed - Punt de Referencia\" \/>\n<meta property=\"og:description\" content=\"Associa\u2019t a Punt de Refer\u00e8ncia. El teu suport constant ens facilita continuar acompanyant jovent sense xarxa de suport en la construcci\u00f3 de vides adultes dignes i de qualitat.\" \/>\n<meta property=\"og:url\" content=\"https:\/\/puntdereferencia.org\/es\/subscriptio-al-butlleti\/\" \/>\n<meta property=\"og:site_name\" content=\"Punt de Referencia\" \/>\n<meta property=\"article:modified_time\" content=\"2024-09-17T05:56:12+00:00\" \/>\n<meta property=\"og:image\" content=\"https:\/\/puntdereferencia.org\/wp-content\/uploads\/2024\/07\/img-inscriujove-form.jpg\" \/>\n\t<meta property=\"og:image:width\" content=\"691\" \/>\n\t<meta property=\"og:image:height\" content=\"458\" \/>\n\t<meta property=\"og:image:type\" content=\"image\/jpeg\" \/>\n<meta name=\"twitter:card\" content=\"summary_large_image\" \/>\n<meta name=\"twitter:label1\" content=\"Tiempo de lectura\" \/>\n\t<meta name=\"twitter:data1\" content=\"1 minuto\" \/>\n<script type=\"application\/ld+json\" class=\"yoast-schema-graph\">{\"@context\":\"https:\/\/schema.org\",\"@graph\":[{\"@type\":\"WebPage\",\"@id\":\"https:\/\/puntdereferencia.org\/es\/subscriptio-al-butlleti\/\",\"url\":\"https:\/\/puntdereferencia.org\/es\/subscriptio-al-butlleti\/\",\"name\":\"Formularis: Butllet\u00ed - Punt de Referencia\",\"isPartOf\":{\"@id\":\"https:\/\/puntdereferencia.org\/es\/#website\"},\"primaryImageOfPage\":{\"@id\":\"https:\/\/puntdereferencia.org\/es\/subscriptio-al-butlleti\/#primaryimage\"},\"image\":{\"@id\":\"https:\/\/puntdereferencia.org\/es\/subscriptio-al-butlleti\/#primaryimage\"},\"thumbnailUrl\":\"https:\/\/puntdereferencia.org\/wp-content\/uploads\/2024\/07\/img-inscriujove-form.jpg\",\"datePublished\":\"2024-07-16T06:46:55+00:00\",\"dateModified\":\"2024-09-17T05:56:12+00:00\",\"description\":\"Associa\u2019t a Punt de Refer\u00e8ncia. El teu suport constant ens facilita continuar acompanyant jovent sense xarxa de suport en la construcci\u00f3 de vides adultes dignes i de qualitat.\",\"breadcrumb\":{\"@id\":\"https:\/\/puntdereferencia.org\/es\/subscriptio-al-butlleti\/#breadcrumb\"},\"inLanguage\":\"es\",\"potentialAction\":[{\"@type\":\"ReadAction\",\"target\":[\"https:\/\/puntdereferencia.org\/es\/subscriptio-al-butlleti\/\"]}]},{\"@type\":\"ImageObject\",\"inLanguage\":\"es\",\"@id\":\"https:\/\/puntdereferencia.org\/es\/subscriptio-al-butlleti\/#primaryimage\",\"url\":\"https:\/\/puntdereferencia.org\/wp-content\/uploads\/2024\/07\/img-inscriujove-form.jpg\",\"contentUrl\":\"https:\/\/puntdereferencia.org\/wp-content\/uploads\/2024\/07\/img-inscriujove-form.jpg\",\"width\":691,\"height\":458},{\"@type\":\"BreadcrumbList\",\"@id\":\"https:\/\/puntdereferencia.org\/es\/subscriptio-al-butlleti\/#breadcrumb\",\"itemListElement\":[{\"@type\":\"ListItem\",\"position\":1,\"name\":\"Inici\",\"item\":\"https:\/\/puntdereferencia.org\/es\/inicio\/\"},{\"@type\":\"ListItem\",\"position\":2,\"name\":\"Formularis: Butllet\u00ed\"}]},{\"@type\":\"WebSite\",\"@id\":\"https:\/\/puntdereferencia.org\/es\/#website\",\"url\":\"https:\/\/puntdereferencia.org\/es\/\",\"name\":\"Punt de Referencia\",\"description\":\"\",\"potentialAction\":[{\"@type\":\"SearchAction\",\"target\":{\"@type\":\"EntryPoint\",\"urlTemplate\":\"https:\/\/puntdereferencia.org\/es\/?s={search_term_string}\"},\"query-input\":{\"@type\":\"PropertyValueSpecification\",\"valueRequired\":true,\"valueName\":\"search_term_string\"}}],\"inLanguage\":\"es\"}]}<\/script>\n<!-- \/ Yoast SEO plugin. -->","yoast_head_json":{"title":"Formularis: Butllet\u00ed - Punt de Referencia","description":"Associa\u2019t a Punt de Refer\u00e8ncia. El teu suport constant ens facilita continuar acompanyant jovent sense xarxa de suport en la construcci\u00f3 de vides adultes dignes i de qualitat.","robots":{"index":"index","follow":"follow","max-snippet":"max-snippet:-1","max-image-preview":"max-image-preview:large","max-video-preview":"max-video-preview:-1"},"canonical":"https:\/\/puntdereferencia.org\/es\/subscriptio-al-butlleti\/","og_locale":"es_ES","og_type":"article","og_title":"Formularis: Butllet\u00ed - Punt de Referencia","og_description":"Associa\u2019t a Punt de Refer\u00e8ncia. El teu suport constant ens facilita continuar acompanyant jovent sense xarxa de suport en la construcci\u00f3 de vides adultes dignes i de qualitat.","og_url":"https:\/\/puntdereferencia.org\/es\/subscriptio-al-butlleti\/","og_site_name":"Punt de Referencia","article_modified_time":"2024-09-17T05:56:12+00:00","og_image":[{"width":691,"height":458,"url":"https:\/\/puntdereferencia.org\/wp-content\/uploads\/2024\/07\/img-inscriujove-form.jpg","type":"image\/jpeg"}],"twitter_card":"summary_large_image","twitter_misc":{"Tiempo de lectura":"1 minuto"},"schema":{"@context":"https:\/\/schema.org","@graph":[{"@type":"WebPage","@id":"https:\/\/puntdereferencia.org\/es\/subscriptio-al-butlleti\/","url":"https:\/\/puntdereferencia.org\/es\/subscriptio-al-butlleti\/","name":"Formularis: Butllet\u00ed - Punt de Referencia","isPartOf":{"@id":"https:\/\/puntdereferencia.org\/es\/#website"},"primaryImageOfPage":{"@id":"https:\/\/puntdereferencia.org\/es\/subscriptio-al-butlleti\/#primaryimage"},"image":{"@id":"https:\/\/puntdereferencia.org\/es\/subscriptio-al-butlleti\/#primaryimage"},"thumbnailUrl":"https:\/\/puntdereferencia.org\/wp-content\/uploads\/2024\/07\/img-inscriujove-form.jpg","datePublished":"2024-07-16T06:46:55+00:00","dateModified":"2024-09-17T05:56:12+00:00","description":"Associa\u2019t a Punt de Refer\u00e8ncia. El teu suport constant ens facilita continuar acompanyant jovent sense xarxa de suport en la construcci\u00f3 de vides adultes dignes i de qualitat.","breadcrumb":{"@id":"https:\/\/puntdereferencia.org\/es\/subscriptio-al-butlleti\/#breadcrumb"},"inLanguage":"es","potentialAction":[{"@type":"ReadAction","target":["https:\/\/puntdereferencia.org\/es\/subscriptio-al-butlleti\/"]}]},{"@type":"ImageObject","inLanguage":"es","@id":"https:\/\/puntdereferencia.org\/es\/subscriptio-al-butlleti\/#primaryimage","url":"https:\/\/puntdereferencia.org\/wp-content\/uploads\/2024\/07\/img-inscriujove-form.jpg","contentUrl":"https:\/\/puntdereferencia.org\/wp-content\/uploads\/2024\/07\/img-inscriujove-form.jpg","width":691,"height":458},{"@type":"BreadcrumbList","@id":"https:\/\/puntdereferencia.org\/es\/subscriptio-al-butlleti\/#breadcrumb","itemListElement":[{"@type":"ListItem","position":1,"name":"Inici","item":"https:\/\/puntdereferencia.org\/es\/inicio\/"},{"@type":"ListItem","position":2,"name":"Formularis: Butllet\u00ed"}]},{"@type":"WebSite","@id":"https:\/\/puntdereferencia.org\/es\/#website","url":"https:\/\/puntdereferencia.org\/es\/","name":"Punt de Referencia","description":"","potentialAction":[{"@type":"SearchAction","target":{"@type":"EntryPoint","urlTemplate":"https:\/\/puntdereferencia.org\/es\/?s={search_term_string}"},"query-input":{"@type":"PropertyValueSpecification","valueRequired":true,"valueName":"search_term_string"}}],"inLanguage":"es"}]}},"_links":{"self":[{"href":"https:\/\/puntdereferencia.org\/es\/wp-json\/wp\/v2\/pages\/20831","targetHints":{"allow":["GET"]}}],"collection":[{"href":"https:\/\/puntdereferencia.org\/es\/wp-json\/wp\/v2\/pages"}],"about":[{"href":"https:\/\/puntdereferencia.org\/es\/wp-json\/wp\/v2\/types\/page"}],"author":[{"embeddable":true,"href":"https:\/\/puntdereferencia.org\/es\/wp-json\/wp\/v2\/users\/1"}],"replies":[{"embeddable":true,"href":"https:\/\/puntdereferencia.org\/es\/wp-json\/wp\/v2\/comments?post=20831"}],"version-history":[{"count":13,"href":"https:\/\/puntdereferencia.org\/es\/wp-json\/wp\/v2\/pages\/20831\/revisions"}],"predecessor-version":[{"id":27503,"href":"https:\/\/puntdereferencia.org\/es\/wp-json\/wp\/v2\/pages\/20831\/revisions\/27503"}],"wp:featuredmedia":[{"embeddable":true,"href":"https:\/\/puntdereferencia.org\/es\/wp-json\/wp\/v2\/media\/17576"}],"wp:attachment":[{"href":"https:\/\/puntdereferencia.org\/es\/wp-json\/wp\/v2\/media?parent=20831"}],"curies":[{"name":"wp","href":"https:\/\/api.w.org\/{rel}","templated":true}]}}