{"id":27325,"date":"2024-09-04T15:41:41","date_gmt":"2024-09-04T15:41:41","guid":{"rendered":"https:\/\/puntdereferencia.org\/?page_id=27325"},"modified":"2024-10-31T07:56:17","modified_gmt":"2024-10-31T07:56:17","slug":"formulario-hazte-socio-a-persona","status":"publish","type":"page","link":"https:\/\/puntdereferencia.org\/es\/formulario-hazte-socio-a-persona\/","title":{"rendered":"Formulario: Hazte socio\/a pers sinergia"},"content":{"rendered":"\n<style type=\"text\/css\" data-created_by=\"avia_inline_auto\" id=\"style-css-av-fvlwx-9a4fdfdf25d253afdf761b0768d34488\">\n.avia-section.av-fvlwx-9a4fdfdf25d253afdf761b0768d34488{\nmargin-top:0px;\nmargin-bottom:0px;\n}\n\n@media only screen and (min-width: 990px){ \n.avia-section.av-fvlwx-9a4fdfdf25d253afdf761b0768d34488{\nmargin-top:-100px;\n}\n}\n<\/style>\n<div id='av_section_1'  class='avia-section av-fvlwx-9a4fdfdf25d253afdf761b0768d34488 main_color avia-section-default avia-no-border-styling  avia-builder-el-0  el_before_av_section  avia-builder-el-first  avia-bg-style-scroll container_wrap fullsize'  ><div class='container av-section-cont-open' ><main  role=\"main\" itemprop=\"mainContentOfPage\"  class='template-page content  av-content-full alpha units'><div class='post-entry post-entry-type-page post-entry-27325'><div class='entry-content-wrapper clearfix'>\n\n<style type=\"text\/css\" data-created_by=\"avia_inline_auto\" id=\"style-css-av-f2za5-0a6696be426325a303936addc91dd462\">\n.avia-image-container.av-f2za5-0a6696be426325a303936addc91dd462 img.avia_image{\nbox-shadow:none;\n}\n.avia-image-container.av-f2za5-0a6696be426325a303936addc91dd462 .av-image-caption-overlay-center{\ncolor:#ffffff;\n}\n<\/style>\n<div  class='avia-image-container av-f2za5-0a6696be426325a303936addc91dd462 av-styling-no-styling avia-align-left  avia-builder-el-1  el_before_av_three_fourth  avia-builder-el-first '   itemprop=\"image\" itemscope=\"itemscope\" itemtype=\"https:\/\/schema.org\/ImageObject\" ><div class=\"avia-image-container-inner\"><div class=\"avia-image-overlay-wrap\"><img decoding=\"async\" fetchpriority=\"high\" class='wp-image-16611 avia-img-lazy-loading-not-16611 avia_image ' src=\"https:\/\/puntdereferencia.org\/wp-content\/uploads\/2024\/06\/franjablava-ambespai.png\" alt='' title='franjablava-ambespai'  height=\"59\" width=\"283\"  itemprop=\"thumbnailUrl\"  \/><\/div><\/div><\/div>\n\n<style type=\"text\/css\" data-created_by=\"avia_inline_auto\" id=\"style-css-av-cxmv9-97e68c827d8da9bc5f664be5eaa3dcc2\">\n#top .flex_column.av-cxmv9-97e68c827d8da9bc5f664be5eaa3dcc2{\nmargin-top:0px;\nmargin-bottom:0px;\n}\n.flex_column.av-cxmv9-97e68c827d8da9bc5f664be5eaa3dcc2{\nborder-radius:30PX 30PX 30PX 30PX;\n}\n.responsive #top #wrap_all .flex_column.av-cxmv9-97e68c827d8da9bc5f664be5eaa3dcc2{\nmargin-top:0px;\nmargin-bottom:0px;\n}\n<\/style>\n<div  class='flex_column av-cxmv9-97e68c827d8da9bc5f664be5eaa3dcc2 av_three_fourth  avia-builder-el-2  el_after_av_image  el_before_av_hr  first flex_column_div av-hide-on-mobile  '     ><section  class='av_textblock_section av-lxneduy9-ed03b74a3e243c58d350f1fcb35c208f '   itemscope=\"itemscope\" itemtype=\"https:\/\/schema.org\/CreativeWork\" ><div class='avia_textblock'  itemprop=\"text\" ><h2>Contigo, sumamos oportunidades para los j\u00f3venes tutelados y extutelados<\/h2>\n<\/div><\/section><\/div>\n<style type=\"text\/css\" data-created_by=\"avia_inline_auto\" id=\"style-css-av-es2zx-80afbd870cdbe171d4c79a24113aaba4\">\n#top .hr.hr-invisible.av-es2zx-80afbd870cdbe171d4c79a24113aaba4{\nheight:30px;\n}\n<\/style>\n<div  class='hr av-es2zx-80afbd870cdbe171d4c79a24113aaba4 hr-invisible  avia-builder-el-4  el_after_av_three_fourth  el_before_av_four_fifth '><span class='hr-inner '><span class=\"hr-inner-style\"><\/span><\/span><\/div>\n\n<style type=\"text\/css\" data-created_by=\"avia_inline_auto\" id=\"style-css-av-e2bg9-1ef19a730da9c4ee65ba0710db46f081\">\n#top .flex_column.av-e2bg9-1ef19a730da9c4ee65ba0710db46f081{\nmargin-top:0px;\nmargin-bottom:0px;\n}\n.flex_column.av-e2bg9-1ef19a730da9c4ee65ba0710db46f081{\nborder-radius:30PX 30PX 30PX 30PX;\npadding:30PX 30PX 30PX 30PX;\nbackground-color:#f4ecd1;\n}\n.responsive #top #wrap_all .flex_column.av-e2bg9-1ef19a730da9c4ee65ba0710db46f081{\nmargin-top:0px;\nmargin-bottom:0px;\n}\n<\/style>\n<div  class='flex_column av-e2bg9-1ef19a730da9c4ee65ba0710db46f081 av_four_fifth  avia-builder-el-5  el_after_av_hr  el_before_av_one_fifth  first flex_column_div  '     ><\/div>\n<style type=\"text\/css\" data-created_by=\"avia_inline_auto\" id=\"style-css-av-qrpt-3dfe26bbd71defbe4d6436fe5c7c4f6e\">\n#top .flex_column.av-qrpt-3dfe26bbd71defbe4d6436fe5c7c4f6e{\nmargin-top:0px;\nmargin-bottom:0px;\n}\n.flex_column.av-qrpt-3dfe26bbd71defbe4d6436fe5c7c4f6e{\nborder-radius:30PX 30PX 30PX 30PX;\n}\n.responsive #top #wrap_all .flex_column.av-qrpt-3dfe26bbd71defbe4d6436fe5c7c4f6e{\nmargin-top:0px;\nmargin-bottom:0px;\n}\n<\/style>\n<div  class='flex_column av-qrpt-3dfe26bbd71defbe4d6436fe5c7c4f6e av_one_fifth  avia-builder-el-7  el_after_av_four_fifth  el_before_av_hr  flex_column_div av-hide-on-mobile  '     ><\/div>\n<style type=\"text\/css\" data-created_by=\"avia_inline_auto\" id=\"style-css-av-av_hr-9a7d07678b70cdb9492140038a098965\">\n#top .hr.av-av_hr-9a7d07678b70cdb9492140038a098965{\nmargin-top:30px;\nmargin-bottom:30px;\n}\n.hr.av-av_hr-9a7d07678b70cdb9492140038a098965 .hr-inner{\nwidth:100%;\nborder-color:#3fadcc;\n}\n<\/style>\n<div  class='hr av-av_hr-9a7d07678b70cdb9492140038a098965 hr-custom  avia-builder-el-8  el_after_av_one_fifth  el_before_av_textblock  linea hr-left hr-icon-no'><span class='hr-inner inner-border-av-border-fat'><span class=\"hr-inner-style\"><\/span><\/span><\/div>\n<section  class='av_textblock_section av-m2038jun-1cc9797c10f7d3ec013a24f69de24b7f '   itemscope=\"itemscope\" itemtype=\"https:\/\/schema.org\/CreativeWork\" ><div class='avia_textblock'  itemprop=\"text\" ><h4><strong>Otras formas de donar<\/strong><\/h4>\n<\/div><\/section>\n<div class='flex_column_table av-m20bubdc-dbef372fc7b3d8d1d9e684c70e40d3e1 sc-av_one_half av-equal-height-column-flextable'>\n<style type=\"text\/css\" data-created_by=\"avia_inline_auto\" id=\"style-css-av-m20bubdc-dbef372fc7b3d8d1d9e684c70e40d3e1\">\n#top .flex_column_table.av-equal-height-column-flextable.av-m20bubdc-dbef372fc7b3d8d1d9e684c70e40d3e1{\nmargin-top:0px;\nmargin-bottom:0px;\n}\n<\/style>\n<div  class='flex_column av-m20bubdc-dbef372fc7b3d8d1d9e684c70e40d3e1 av_one_half  avia-builder-el-10  el_after_av_textblock  el_before_av_one_half  first flex_column_table_cell av-equal-height-column av-align-top  column-top-margin'     ><section  class='av_textblock_section av-m203aqaj-2bc40dfa31d80bfe47ff0e1b754961fc '   itemscope=\"itemscope\" itemtype=\"https:\/\/schema.org\/CreativeWork\" ><div class='avia_textblock'  itemprop=\"text\" ><p><img loading=\"lazy\" decoding=\"async\" class=\"alignleft size-full wp-image-328\" src=\"http:\/\/puntdereferencia.org\/wp-content\/uploads\/2024\/06\/rodona-blava-transp.png\" alt=\"\" width=\"22\" height=\"22\" \/><\/p>\n<h5><strong>Transferencia bancaria<\/strong><\/h5>\n<h6>Fiare Banca \u00c8tica: ES96 1550 0001 2900 1327 0426<br \/>\nCaixaBank: ES88 2100 1195 1702 0003 6994<\/h6>\n<\/div><\/section><\/div><div class='av-flex-placeholder'><\/div>\n<style type=\"text\/css\" data-created_by=\"avia_inline_auto\" id=\"style-css-av-av_one_half-7bd3f5cd863a6256abcb544d7c276d96\">\n#top .flex_column_table.av-equal-height-column-flextable.av-av_one_half-7bd3f5cd863a6256abcb544d7c276d96{\nmargin-top:0px;\nmargin-bottom:0px;\n}\n<\/style>\n<div  class='flex_column av-av_one_half-7bd3f5cd863a6256abcb544d7c276d96 av_one_half  avia-builder-el-12  el_after_av_one_half  avia-builder-el-last  flex_column_table_cell av-equal-height-column av-align-top  column-top-margin'     ><section  class='av_textblock_section av-m203czxi-39aad80dccec179e248274097fa392c6 '   itemscope=\"itemscope\" itemtype=\"https:\/\/schema.org\/CreativeWork\" ><div class='avia_textblock'  itemprop=\"text\" ><p><img loading=\"lazy\" decoding=\"async\" class=\"alignleft size-full wp-image-328\" src=\"http:\/\/puntdereferencia.org\/wp-content\/uploads\/2024\/06\/rodona-blava-transp.png\" alt=\"\" width=\"22\" height=\"22\" \/><\/p>\n<h5><strong>Bizum 33462<\/strong><\/h5>\n<h6>Entra en la aplicaci\u00f3n de tu banco y haz clic a \u201cEnviar Bizum\u201d.<br \/>\nEscoge la opci\u00f3n \u201cHaz un donativo | Dona a una ONG\u201d y escribe el c\u00f3digo de la entidad.<\/h6>\n<\/div><\/section><\/div><\/div><!--close column table wrapper. Autoclose: 1 -->\n\n<\/div><\/div><\/main><!-- close content main element --><\/div><\/div><div id='av_section_2'  class='avia-section av-5resx-613209a787cdea7865fd1917cc975458 main_color avia-section-default avia-no-border-styling  avia-builder-el-14  el_after_av_section  avia-builder-el-last  avia-bg-style-scroll container_wrap fullsize'  ><div class='container av-section-cont-open' ><div class='template-page content  av-content-full alpha units'><div class='post-entry post-entry-type-page post-entry-27325'><div class='entry-content-wrapper clearfix'>\n<div class='flex_column_table av-hdd9-97db036a5119c8ea38dfa01521c94885 sc-av_two_third av-equal-height-column-flextable'>\n<style type=\"text\/css\" data-created_by=\"avia_inline_auto\" id=\"style-css-av-hdd9-97db036a5119c8ea38dfa01521c94885\">\n.flex_column.av-hdd9-97db036a5119c8ea38dfa01521c94885{\npadding:35px 0px 35px 35px;\nbackground:url(https:\/\/puntdereferencia.org\/wp-content\/uploads\/2024\/06\/testimonis-blava-1.jpg) 0% 0% repeat-x scroll #ffffff;\n}\n<\/style>\n<div  class='flex_column av-hdd9-97db036a5119c8ea38dfa01521c94885 av_two_third  avia-builder-el-15  el_before_av_one_third  avia-builder-el-first  first no_margin flex_column_table_cell av-equal-height-column av-align-top  '     ><section  class='av_textblock_section av-4qh0p-90cc6bcf3b51edf3b3826a7f5b806aa1 '   itemscope=\"itemscope\" itemtype=\"https:\/\/schema.org\/CreativeWork\" ><div class='avia_textblock'  itemprop=\"text\" ><h3>Se te devuelve hasta un 95 % de tu donativo<\/h3>\n<\/div><\/section><br \/>\n\n<style type=\"text\/css\" data-created_by=\"avia_inline_auto\" id=\"style-css-av-e58p-f7d790a906844acfaf37c6759a5cb70d\">\n#top .hr.hr-invisible.av-e58p-f7d790a906844acfaf37c6759a5cb70d{\nheight:25px;\n}\n<\/style>\n<div  class='hr av-e58p-f7d790a906844acfaf37c6759a5cb70d hr-invisible  avia-builder-el-17  el_after_av_textblock  el_before_av_textblock '><span class='hr-inner '><span class=\"hr-inner-style\"><\/span><\/span><\/div><br \/>\n<section  class='av_textblock_section av-m21k19lt-21c0e48a552b3582a1996263575f5521 '   itemscope=\"itemscope\" itemtype=\"https:\/\/schema.org\/CreativeWork\" ><div class='avia_textblock'  itemprop=\"text\" ><h5><img loading=\"lazy\" decoding=\"async\" class=\"size-full wp-image-641 alignnone\" src=\"http:\/\/puntdereferencia.org\/wp-content\/uploads\/2024\/06\/icona-fletxa.png\" alt=\"\" width=\"30\" height=\"25\" \/> \u00bfEres una persona? Si donas 20 \u20ac al mes, solo pagar\u00e1s 1 \u20ac.<\/h5>\n<h6>Si tu aportaci\u00f3n anual es igual o inferior a 250 \u20ac, tendr\u00e1s <strong>una devoluci\u00f3n del 95 %<\/strong> de tu donaci\u00f3n al hacer la declaraci\u00f3n del IRPF. Las donaciones a entidades sin \u00e1nimo de lucro tienen una deducci\u00f3n del 80%, y las entidades miembros del Censo de entidades de fomento de la lengua catalana tienen una deducci\u00f3n del 15%.<\/h6>\n\n<style type=\"text\/css\" data-created_by=\"avia_inline_auto\" id=\"style-css-av-8e3f5-2d2901341635265e0853386b670d8db7\">\n#top .hr.hr-invisible.av-8e3f5-2d2901341635265e0853386b670d8db7{\nheight:30px;\n}\n<\/style>\n<div  class='hr av-8e3f5-2d2901341635265e0853386b670d8db7 hr-invisible  avia-builder-el-19  avia-builder-el-no-sibling '><span class='hr-inner '><span class=\"hr-inner-style\"><\/span><\/span><\/div>\n<h5><img loading=\"lazy\" decoding=\"async\" class=\"size-full wp-image-641 alignnone\" src=\"http:\/\/puntdereferencia.org\/wp-content\/uploads\/2024\/06\/icona-fletxa.png\" alt=\"\" width=\"30\" height=\"25\" \/> \u00bfEres una empresa? Si donas 1.000 \u20ac, solo pagar\u00e1s 600 \u20ac<\/h5>\n<h6>Las donaciones empresariales, sean del importe que sean, tienen una deducci\u00f3n del 40 % al hacer la declaraci\u00f3n del IRPF.<\/h6>\n<\/div><\/section><br \/>\n\n<style type=\"text\/css\" data-created_by=\"avia_inline_auto\" id=\"style-css-av-av_hr-50edc9949d927eab467680f201044eec\">\n#top .hr.hr-invisible.av-av_hr-50edc9949d927eab467680f201044eec{\nheight:25px;\n}\n<\/style>\n<div  class='hr av-av_hr-50edc9949d927eab467680f201044eec hr-invisible  avia-builder-el-20  el_after_av_textblock  el_before_av_textblock '><span class='hr-inner '><span class=\"hr-inner-style\"><\/span><\/span><\/div><br \/>\n\n<style type=\"text\/css\" data-created_by=\"avia_inline_auto\" id=\"style-css-av-3d05l-4825051e3a0e5aa31f223f4e4e769692\">\n#top .av_textblock_section.av-3d05l-4825051e3a0e5aa31f223f4e4e769692 .avia_textblock{\ncolor:#3fadcc;\n}\n<\/style>\n<section  class='av_textblock_section av-3d05l-4825051e3a0e5aa31f223f4e4e769692 '   itemscope=\"itemscope\" itemtype=\"https:\/\/schema.org\/CreativeWork\" ><div class='avia_textblock majuscblau av_inherit_color'  itemprop=\"text\" ><p><a href=\"https:\/\/puntdereferencia.org\/wp-content\/uploads\/2024\/10\/DeduccionsIndividual_Revisio2.pdf\" target=\"_blank\" rel=\"noopener\">M\u00c1S INFORMACI\u00d3N SOBRE DEDUCCIONES PARA PERSONAS<\/a>\u00a0 <img loading=\"lazy\" decoding=\"async\" class=\"alignnone size-full wp-image-641\" src=\"http:\/\/puntdereferencia.org\/wp-content\/uploads\/2024\/06\/icona-fletxa.png\" alt=\"\" width=\"30\" height=\"25\" \/><\/p>\n<\/div><\/section><br \/>\n\n<style type=\"text\/css\" data-created_by=\"avia_inline_auto\" id=\"style-css-av-2mxt1-3e9fdd3dbab9184c8253150cbe77504c\">\n#top .hr.hr-invisible.av-2mxt1-3e9fdd3dbab9184c8253150cbe77504c{\nheight:15px;\n}\n<\/style>\n<div  class='hr av-2mxt1-3e9fdd3dbab9184c8253150cbe77504c hr-invisible  avia-builder-el-22  el_after_av_textblock  el_before_av_textblock '><span class='hr-inner '><span class=\"hr-inner-style\"><\/span><\/span><\/div><br \/>\n\n<style type=\"text\/css\" data-created_by=\"avia_inline_auto\" id=\"style-css-av-lxnej73b-1f164a2417cc92d6b396ef7a73f47ec9\">\n#top .av_textblock_section.av-lxnej73b-1f164a2417cc92d6b396ef7a73f47ec9 .avia_textblock{\ncolor:#3fadcc;\n}\n<\/style>\n<section  class='av_textblock_section av-lxnej73b-1f164a2417cc92d6b396ef7a73f47ec9 '   itemscope=\"itemscope\" itemtype=\"https:\/\/schema.org\/CreativeWork\" ><div class='avia_textblock majuscblau av_inherit_color'  itemprop=\"text\" ><p><a href=\"https:\/\/puntdereferencia.org\/wp-content\/uploads\/2024\/10\/Deduccions-empreses_PdR_def.pdf\" target=\"_blank\" rel=\"noopener\">M\u00c1S INFORMACI\u00d3N SOBRE DEDUCCIONS PARA EMPRESAS<\/a>\u00a0 <img loading=\"lazy\" decoding=\"async\" class=\"alignnone size-full wp-image-641\" src=\"http:\/\/puntdereferencia.org\/wp-content\/uploads\/2024\/06\/icona-fletxa.png\" alt=\"\" width=\"30\" height=\"25\" \/><\/p>\n<\/div><\/section><br \/>\n\n<style type=\"text\/css\" data-created_by=\"avia_inline_auto\" id=\"style-css-av-1vsvl-215b543e29f5dd13352c37874493a081\">\n#top .hr.hr-invisible.av-1vsvl-215b543e29f5dd13352c37874493a081{\nheight:15px;\n}\n<\/style>\n<div  class='hr av-1vsvl-215b543e29f5dd13352c37874493a081 hr-invisible  avia-builder-el-24  el_after_av_textblock  avia-builder-el-last '><span class='hr-inner '><span class=\"hr-inner-style\"><\/span><\/span><\/div><\/p><\/div>\n<style type=\"text\/css\" data-created_by=\"avia_inline_auto\" id=\"style-css-av-1ok5h-07b2ac4856bad92700f4268b7e206ae5\">\n.flex_column.av-1ok5h-07b2ac4856bad92700f4268b7e206ae5{\nbackground:url(https:\/\/puntdereferencia.org\/wp-content\/uploads\/2024\/06\/testimonis-blava-1.jpg) 100% 0% repeat-x scroll #ffffff;\n}\n<\/style>\n<div  class='flex_column av-1ok5h-07b2ac4856bad92700f4268b7e206ae5 av_one_third  avia-builder-el-25  el_after_av_two_third  avia-builder-el-last  no_margin flex_column_table_cell av-equal-height-column av-align-top av-hide-on-mobile  '     ><style type=\"text\/css\" data-created_by=\"avia_inline_auto\" id=\"style-css-av-p255-92890e8142acd2f9a894083384c5cec7\">\n.avia-image-container.av-p255-92890e8142acd2f9a894083384c5cec7 img.avia_image{\nbox-shadow:none;\n}\n.avia-image-container.av-p255-92890e8142acd2f9a894083384c5cec7 .av-image-caption-overlay-center{\ncolor:#ffffff;\n}\n<\/style>\n<div  class='avia-image-container av-p255-92890e8142acd2f9a894083384c5cec7 av-styling-no-styling avia-align-right  avia-builder-el-26  avia-builder-el-no-sibling  av-medium-hide av-small-hide av-mini-hide'   itemprop=\"image\" itemscope=\"itemscope\" itemtype=\"https:\/\/schema.org\/ImageObject\" ><div class=\"avia-image-container-inner\"><div class=\"avia-image-overlay-wrap\"><img decoding=\"async\" fetchpriority=\"high\" class='wp-image-27721 avia-img-lazy-loading-not-27721 avia_image ' src=\"https:\/\/puntdereferencia.org\/wp-content\/uploads\/2024\/10\/colabora-festesoci-quotes-G2-4.jpg\" alt='' title='colabora-festesoci-quotes-G2-4'  height=\"822\" width=\"575\"  itemprop=\"thumbnailUrl\" srcset=\"https:\/\/puntdereferencia.org\/wp-content\/uploads\/2024\/10\/colabora-festesoci-quotes-G2-4.jpg 575w, https:\/\/puntdereferencia.org\/wp-content\/uploads\/2024\/10\/colabora-festesoci-quotes-G2-4-210x300.jpg 210w, https:\/\/puntdereferencia.org\/wp-content\/uploads\/2024\/10\/colabora-festesoci-quotes-G2-4-493x705.jpg 493w\" sizes=\"(max-width: 575px) 100vw, 575px\" \/><\/div><\/div><\/div><\/div><\/div><!--close column table wrapper. Autoclose: 1 -->\n","protected":false},"excerpt":{"rendered":"","protected":false},"author":2,"featured_media":16867,"parent":0,"menu_order":0,"comment_status":"closed","ping_status":"closed","template":"","meta":{"footnotes":""},"class_list":["post-27325","page","type-page","status-publish","has-post-thumbnail","hentry"],"yoast_head":"<!-- This site is optimized with the Yoast SEO plugin v27.1.1 - https:\/\/yoast.com\/product\/yoast-seo-wordpress\/ -->\n<title>Formulario: Hazte socio\/a pers sinergia - Punt de Referencia<\/title>\n<meta name=\"description\" content=\"Associa\u2019t a Punt de Refer\u00e8ncia. El teu suport constant ens facilita continuar acompanyant jovent sense xarxa de suport en la construcci\u00f3 de vides adultes dignes i de qualitat.\" \/>\n<meta name=\"robots\" content=\"index, follow, max-snippet:-1, max-image-preview:large, max-video-preview:-1\" \/>\n<link rel=\"canonical\" href=\"https:\/\/puntdereferencia.org\/es\/formulario-hazte-socio-a-persona\/\" \/>\n<meta property=\"og:locale\" content=\"es_ES\" \/>\n<meta property=\"og:type\" content=\"article\" \/>\n<meta property=\"og:title\" content=\"Formulario: Hazte socio\/a pers sinergia - Punt de Referencia\" \/>\n<meta property=\"og:description\" content=\"Associa\u2019t a Punt de Refer\u00e8ncia. El teu suport constant ens facilita continuar acompanyant jovent sense xarxa de suport en la construcci\u00f3 de vides adultes dignes i de qualitat.\" \/>\n<meta property=\"og:url\" content=\"https:\/\/puntdereferencia.org\/es\/formulario-hazte-socio-a-persona\/\" \/>\n<meta property=\"og:site_name\" content=\"Punt de Referencia\" \/>\n<meta property=\"article:modified_time\" content=\"2024-10-31T07:56:17+00:00\" \/>\n<meta property=\"og:image\" content=\"https:\/\/puntdereferencia.org\/wp-content\/uploads\/2024\/06\/colabora-mespropostes-2.jpg\" \/>\n\t<meta property=\"og:image:width\" content=\"364\" \/>\n\t<meta property=\"og:image:height\" content=\"269\" \/>\n\t<meta property=\"og:image:type\" content=\"image\/jpeg\" \/>\n<meta name=\"twitter:card\" content=\"summary_large_image\" \/>\n<meta name=\"twitter:label1\" content=\"Tiempo de lectura\" \/>\n\t<meta name=\"twitter:data1\" content=\"3 minutos\" \/>\n<script type=\"application\/ld+json\" class=\"yoast-schema-graph\">{\"@context\":\"https:\/\/schema.org\",\"@graph\":[{\"@type\":\"WebPage\",\"@id\":\"https:\/\/puntdereferencia.org\/es\/formulario-hazte-socio-a-persona\/\",\"url\":\"https:\/\/puntdereferencia.org\/es\/formulario-hazte-socio-a-persona\/\",\"name\":\"Formulario: Hazte socio\/a pers sinergia - Punt de Referencia\",\"isPartOf\":{\"@id\":\"https:\/\/puntdereferencia.org\/es\/#website\"},\"primaryImageOfPage\":{\"@id\":\"https:\/\/puntdereferencia.org\/es\/formulario-hazte-socio-a-persona\/#primaryimage\"},\"image\":{\"@id\":\"https:\/\/puntdereferencia.org\/es\/formulario-hazte-socio-a-persona\/#primaryimage\"},\"thumbnailUrl\":\"https:\/\/puntdereferencia.org\/wp-content\/uploads\/2024\/06\/colabora-mespropostes-2.jpg\",\"datePublished\":\"2024-09-04T15:41:41+00:00\",\"dateModified\":\"2024-10-31T07:56:17+00:00\",\"description\":\"Associa\u2019t a Punt de Refer\u00e8ncia. El teu suport constant ens facilita continuar acompanyant jovent sense xarxa de suport en la construcci\u00f3 de vides adultes dignes i de qualitat.\",\"breadcrumb\":{\"@id\":\"https:\/\/puntdereferencia.org\/es\/formulario-hazte-socio-a-persona\/#breadcrumb\"},\"inLanguage\":\"es\",\"potentialAction\":[{\"@type\":\"ReadAction\",\"target\":[\"https:\/\/puntdereferencia.org\/es\/formulario-hazte-socio-a-persona\/\"]}]},{\"@type\":\"ImageObject\",\"inLanguage\":\"es\",\"@id\":\"https:\/\/puntdereferencia.org\/es\/formulario-hazte-socio-a-persona\/#primaryimage\",\"url\":\"https:\/\/puntdereferencia.org\/wp-content\/uploads\/2024\/06\/colabora-mespropostes-2.jpg\",\"contentUrl\":\"https:\/\/puntdereferencia.org\/wp-content\/uploads\/2024\/06\/colabora-mespropostes-2.jpg\",\"width\":364,\"height\":269},{\"@type\":\"BreadcrumbList\",\"@id\":\"https:\/\/puntdereferencia.org\/es\/formulario-hazte-socio-a-persona\/#breadcrumb\",\"itemListElement\":[{\"@type\":\"ListItem\",\"position\":1,\"name\":\"Inici\",\"item\":\"https:\/\/puntdereferencia.org\/es\/inicio\/\"},{\"@type\":\"ListItem\",\"position\":2,\"name\":\"Formulario: Hazte socio\/a pers sinergia\"}]},{\"@type\":\"WebSite\",\"@id\":\"https:\/\/puntdereferencia.org\/es\/#website\",\"url\":\"https:\/\/puntdereferencia.org\/es\/\",\"name\":\"Punt de Referencia\",\"description\":\"\",\"potentialAction\":[{\"@type\":\"SearchAction\",\"target\":{\"@type\":\"EntryPoint\",\"urlTemplate\":\"https:\/\/puntdereferencia.org\/es\/?s={search_term_string}\"},\"query-input\":{\"@type\":\"PropertyValueSpecification\",\"valueRequired\":true,\"valueName\":\"search_term_string\"}}],\"inLanguage\":\"es\"}]}<\/script>\n<!-- \/ Yoast SEO plugin. -->","yoast_head_json":{"title":"Formulario: Hazte socio\/a pers sinergia - Punt de Referencia","description":"Associa\u2019t a Punt de Refer\u00e8ncia. El teu suport constant ens facilita continuar acompanyant jovent sense xarxa de suport en la construcci\u00f3 de vides adultes dignes i de qualitat.","robots":{"index":"index","follow":"follow","max-snippet":"max-snippet:-1","max-image-preview":"max-image-preview:large","max-video-preview":"max-video-preview:-1"},"canonical":"https:\/\/puntdereferencia.org\/es\/formulario-hazte-socio-a-persona\/","og_locale":"es_ES","og_type":"article","og_title":"Formulario: Hazte socio\/a pers sinergia - Punt de Referencia","og_description":"Associa\u2019t a Punt de Refer\u00e8ncia. El teu suport constant ens facilita continuar acompanyant jovent sense xarxa de suport en la construcci\u00f3 de vides adultes dignes i de qualitat.","og_url":"https:\/\/puntdereferencia.org\/es\/formulario-hazte-socio-a-persona\/","og_site_name":"Punt de Referencia","article_modified_time":"2024-10-31T07:56:17+00:00","og_image":[{"width":364,"height":269,"url":"https:\/\/puntdereferencia.org\/wp-content\/uploads\/2024\/06\/colabora-mespropostes-2.jpg","type":"image\/jpeg"}],"twitter_card":"summary_large_image","twitter_misc":{"Tiempo de lectura":"3 minutos"},"schema":{"@context":"https:\/\/schema.org","@graph":[{"@type":"WebPage","@id":"https:\/\/puntdereferencia.org\/es\/formulario-hazte-socio-a-persona\/","url":"https:\/\/puntdereferencia.org\/es\/formulario-hazte-socio-a-persona\/","name":"Formulario: Hazte socio\/a pers sinergia - Punt de Referencia","isPartOf":{"@id":"https:\/\/puntdereferencia.org\/es\/#website"},"primaryImageOfPage":{"@id":"https:\/\/puntdereferencia.org\/es\/formulario-hazte-socio-a-persona\/#primaryimage"},"image":{"@id":"https:\/\/puntdereferencia.org\/es\/formulario-hazte-socio-a-persona\/#primaryimage"},"thumbnailUrl":"https:\/\/puntdereferencia.org\/wp-content\/uploads\/2024\/06\/colabora-mespropostes-2.jpg","datePublished":"2024-09-04T15:41:41+00:00","dateModified":"2024-10-31T07:56:17+00:00","description":"Associa\u2019t a Punt de Refer\u00e8ncia. El teu suport constant ens facilita continuar acompanyant jovent sense xarxa de suport en la construcci\u00f3 de vides adultes dignes i de qualitat.","breadcrumb":{"@id":"https:\/\/puntdereferencia.org\/es\/formulario-hazte-socio-a-persona\/#breadcrumb"},"inLanguage":"es","potentialAction":[{"@type":"ReadAction","target":["https:\/\/puntdereferencia.org\/es\/formulario-hazte-socio-a-persona\/"]}]},{"@type":"ImageObject","inLanguage":"es","@id":"https:\/\/puntdereferencia.org\/es\/formulario-hazte-socio-a-persona\/#primaryimage","url":"https:\/\/puntdereferencia.org\/wp-content\/uploads\/2024\/06\/colabora-mespropostes-2.jpg","contentUrl":"https:\/\/puntdereferencia.org\/wp-content\/uploads\/2024\/06\/colabora-mespropostes-2.jpg","width":364,"height":269},{"@type":"BreadcrumbList","@id":"https:\/\/puntdereferencia.org\/es\/formulario-hazte-socio-a-persona\/#breadcrumb","itemListElement":[{"@type":"ListItem","position":1,"name":"Inici","item":"https:\/\/puntdereferencia.org\/es\/inicio\/"},{"@type":"ListItem","position":2,"name":"Formulario: Hazte socio\/a pers sinergia"}]},{"@type":"WebSite","@id":"https:\/\/puntdereferencia.org\/es\/#website","url":"https:\/\/puntdereferencia.org\/es\/","name":"Punt de Referencia","description":"","potentialAction":[{"@type":"SearchAction","target":{"@type":"EntryPoint","urlTemplate":"https:\/\/puntdereferencia.org\/es\/?s={search_term_string}"},"query-input":{"@type":"PropertyValueSpecification","valueRequired":true,"valueName":"search_term_string"}}],"inLanguage":"es"}]}},"_links":{"self":[{"href":"https:\/\/puntdereferencia.org\/es\/wp-json\/wp\/v2\/pages\/27325","targetHints":{"allow":["GET"]}}],"collection":[{"href":"https:\/\/puntdereferencia.org\/es\/wp-json\/wp\/v2\/pages"}],"about":[{"href":"https:\/\/puntdereferencia.org\/es\/wp-json\/wp\/v2\/types\/page"}],"author":[{"embeddable":true,"href":"https:\/\/puntdereferencia.org\/es\/wp-json\/wp\/v2\/users\/2"}],"replies":[{"embeddable":true,"href":"https:\/\/puntdereferencia.org\/es\/wp-json\/wp\/v2\/comments?post=27325"}],"version-history":[{"count":16,"href":"https:\/\/puntdereferencia.org\/es\/wp-json\/wp\/v2\/pages\/27325\/revisions"}],"predecessor-version":[{"id":30008,"href":"https:\/\/puntdereferencia.org\/es\/wp-json\/wp\/v2\/pages\/27325\/revisions\/30008"}],"wp:featuredmedia":[{"embeddable":true,"href":"https:\/\/puntdereferencia.org\/es\/wp-json\/wp\/v2\/media\/16867"}],"wp:attachment":[{"href":"https:\/\/puntdereferencia.org\/es\/wp-json\/wp\/v2\/media?parent=27325"}],"curies":[{"name":"wp","href":"https:\/\/api.w.org\/{rel}","templated":true}]}}